{"id":4473,"date":"2024-01-04T12:33:04","date_gmt":"2024-01-04T09:33:04","guid":{"rendered":"https:\/\/777commerce.com\/product\/modele-cercle-fait-main-porte-cles-epoxy-lueur-unique-or-pur-24k-perle-veritable-collection-perle-or\/"},"modified":"2024-01-04T12:33:04","modified_gmt":"2024-01-04T09:33:04","slug":"modele-cercle-fait-main-porte-cles-epoxy-lueur-unique-or-pur-24k-perle-veritable-collection-perle-or","status":"publish","type":"product","link":"https:\/\/777commerce.com\/fr\/produit\/modele-cercle-fait-main-porte-cles-epoxy-lueur-unique-or-pur-24k-perle-veritable-collection-perle-or\/","title":{"rendered":"Mod\u00e8le Cercle Fait Main Porte-Cl\u00e9s \u00c9poxy Lueur Unique Or Pur 24K Perle V\u00e9ritable Collection \u00ab\u00a0Perle Or\u00a0\u00bb"},"content":{"rendered":"<p>Mod\u00e8le Cercle Fait Main Porte-Cl\u00e9s \u00c9poxy Lueur Unique Or Pur 24K Perle V\u00e9ritable Collection \u00ab\u00a0Perle Or\u00a0\u00bb<\/p>\n<p>&nbsp;<\/p>\n<p>Les porte-cl\u00e9s \u00e9tant fabriqu\u00e9s \u00e0 la main, il peut y avoir des diff\u00e9rences de motifs dans les porte-cl\u00e9s et une l\u00e9g\u00e8re marge d&rsquo;erreur dans les mesures du cordon.<\/p>\n<div id=\"gtx-trans\" style=\"position: absolute; left: 666px; top: 1.2px;\">\n<div class=\"gtx-trans-icon\"><\/div>\n<\/div>\n","protected":false},"excerpt":{"rendered":"<p>Mod\u00e8le Cercle Fait Main Porte-Cl\u00e9s \u00c9poxy Lueur Unique Or Pur 24K Perle V\u00e9ritable Collection \u00ab\u00a0Perle Or\u00a0\u00bb &nbsp; Les porte-cl\u00e9s \u00e9tant fabriqu\u00e9s \u00e0 la main, il peut y avoir des diff\u00e9rences de motifs dans les porte-cl\u00e9s et une l\u00e9g\u00e8re marge d&rsquo;erreur dans les mesures du cordon.<\/p>\n","protected":false},"featured_media":4392,"comment_status":"open","ping_status":"closed","template":"","meta":[],"product_brand":[],"product_cat":[273,426,270],"product_tag":[492,495,499,504,506,496,505,494],"class_list":{"0":"post-4473","1":"product","2":"type-product","3":"status-publish","4":"has-post-thumbnail","6":"product_cat-bijoux-unisexes","7":"product_cat-porte-cles-fr","8":"product_cat-tous-les-produits-fr","9":"product_tag-fait-main","10":"product_tag-lueur","11":"product_tag-modele-cercle","12":"product_tag-or-pur-24k","13":"product_tag-perle-or","14":"product_tag-porte-cles-en-epoxy","15":"product_tag-real-pearlperle-veritable","16":"product_tag-unique-fr","18":"first","19":"outofstock","20":"purchasable","21":"product-type-variable"},"jetpack_sharing_enabled":true,"_links":{"self":[{"href":"https:\/\/777commerce.com\/fr\/wp-json\/wp\/v2\/product\/4473","targetHints":{"allow":["GET"]}}],"collection":[{"href":"https:\/\/777commerce.com\/fr\/wp-json\/wp\/v2\/product"}],"about":[{"href":"https:\/\/777commerce.com\/fr\/wp-json\/wp\/v2\/types\/product"}],"replies":[{"embeddable":true,"href":"https:\/\/777commerce.com\/fr\/wp-json\/wp\/v2\/comments?post=4473"}],"wp:featuredmedia":[{"embeddable":true,"href":"https:\/\/777commerce.com\/fr\/wp-json\/wp\/v2\/media\/4392"}],"wp:attachment":[{"href":"https:\/\/777commerce.com\/fr\/wp-json\/wp\/v2\/media?parent=4473"}],"wp:term":[{"taxonomy":"product_brand","embeddable":true,"href":"https:\/\/777commerce.com\/fr\/wp-json\/wp\/v2\/product_brand?post=4473"},{"taxonomy":"product_cat","embeddable":true,"href":"https:\/\/777commerce.com\/fr\/wp-json\/wp\/v2\/product_cat?post=4473"},{"taxonomy":"product_tag","embeddable":true,"href":"https:\/\/777commerce.com\/fr\/wp-json\/wp\/v2\/product_tag?post=4473"}],"curies":[{"name":"wp","href":"https:\/\/api.w.org\/{rel}","templated":true}]}}