{"id":4438,"date":"2024-01-04T11:21:39","date_gmt":"2024-01-04T08:21:39","guid":{"rendered":"https:\/\/777commerce.com\/product\/modele-anneau-fait-main-porte-cles-epoxy-lueur-unique-collection-galaxy-bleu\/"},"modified":"2024-01-04T11:21:39","modified_gmt":"2024-01-04T08:21:39","slug":"modele-anneau-fait-main-porte-cles-epoxy-lueur-unique-collection-galaxy-bleu","status":"publish","type":"product","link":"https:\/\/777commerce.com\/fr\/produit\/modele-anneau-fait-main-porte-cles-epoxy-lueur-unique-collection-galaxy-bleu\/","title":{"rendered":"Mod\u00e8le Anneau Fait Main Porte-Cl\u00e9s \u00c9poxy Lueur Unique Collection \u00ab\u00a0Galaxy Bleu\u00a0\u00bb"},"content":{"rendered":"<p>Mod\u00e8le Anneau Fait Main Porte-Cl\u00e9s \u00c9poxy Lueur Unique Collection \u00ab\u00a0Galaxy Bleu\u00a0\u00bb<\/p>\n<p>&nbsp;<\/p>\n<p>Les porte-cl\u00e9s \u00e9tant fabriqu\u00e9s \u00e0 la main, il peut y avoir des diff\u00e9rences de motifs dans les porte-cl\u00e9s et une l\u00e9g\u00e8re marge d&rsquo;erreur dans les mesures du cordon.<\/p>\n<div id=\"gtx-trans\" style=\"position: absolute; left: -21px; top: 1.2px;\">\n<div class=\"gtx-trans-icon\"><\/div>\n<\/div>\n","protected":false},"excerpt":{"rendered":"<p>Mod\u00e8le Anneau Fait Main Porte-Cl\u00e9s \u00c9poxy Lueur Unique Collection \u00ab\u00a0Galaxy Bleu\u00a0\u00bb &nbsp; Les porte-cl\u00e9s \u00e9tant fabriqu\u00e9s \u00e0 la main, il peut y avoir des diff\u00e9rences de motifs dans les porte-cl\u00e9s et une l\u00e9g\u00e8re marge d&rsquo;erreur dans les mesures du cordon.<\/p>\n","protected":false},"featured_media":4267,"comment_status":"open","ping_status":"closed","template":"","meta":[],"product_brand":[],"product_cat":[273,426,270],"product_tag":[492,501,495,500,496,494],"class_list":{"0":"post-4438","1":"product","2":"type-product","3":"status-publish","4":"has-post-thumbnail","6":"product_cat-bijoux-unisexes","7":"product_cat-porte-cles-fr","8":"product_cat-tous-les-produits-fr","9":"product_tag-fait-main","10":"product_tag-galaxy-bleu","11":"product_tag-lueur","12":"product_tag-modele-anneau","13":"product_tag-porte-cles-en-epoxy","14":"product_tag-unique-fr","16":"first","17":"outofstock","18":"purchasable","19":"product-type-variable"},"jetpack_sharing_enabled":true,"_links":{"self":[{"href":"https:\/\/777commerce.com\/fr\/wp-json\/wp\/v2\/product\/4438","targetHints":{"allow":["GET"]}}],"collection":[{"href":"https:\/\/777commerce.com\/fr\/wp-json\/wp\/v2\/product"}],"about":[{"href":"https:\/\/777commerce.com\/fr\/wp-json\/wp\/v2\/types\/product"}],"replies":[{"embeddable":true,"href":"https:\/\/777commerce.com\/fr\/wp-json\/wp\/v2\/comments?post=4438"}],"wp:featuredmedia":[{"embeddable":true,"href":"https:\/\/777commerce.com\/fr\/wp-json\/wp\/v2\/media\/4267"}],"wp:attachment":[{"href":"https:\/\/777commerce.com\/fr\/wp-json\/wp\/v2\/media?parent=4438"}],"wp:term":[{"taxonomy":"product_brand","embeddable":true,"href":"https:\/\/777commerce.com\/fr\/wp-json\/wp\/v2\/product_brand?post=4438"},{"taxonomy":"product_cat","embeddable":true,"href":"https:\/\/777commerce.com\/fr\/wp-json\/wp\/v2\/product_cat?post=4438"},{"taxonomy":"product_tag","embeddable":true,"href":"https:\/\/777commerce.com\/fr\/wp-json\/wp\/v2\/product_tag?post=4438"}],"curies":[{"name":"wp","href":"https:\/\/api.w.org\/{rel}","templated":true}]}}