{"id":4417,"date":"2023-12-26T10:02:34","date_gmt":"2023-12-26T07:02:34","guid":{"rendered":"https:\/\/777commerce.com\/product\/modele-hexagonal-fait-main-porte-cles-epoxy-lueur-unique-collection-feu-bleu\/"},"modified":"2024-01-04T13:39:14","modified_gmt":"2024-01-04T10:39:14","slug":"modele-hexagonal-fait-main-porte-cles-epoxy-lueur-unique-collection-feu-bleu","status":"publish","type":"product","link":"https:\/\/777commerce.com\/fr\/produit\/modele-hexagonal-fait-main-porte-cles-epoxy-lueur-unique-collection-feu-bleu\/","title":{"rendered":"Mod\u00e8le Hexagon Fait Main Porte-Cl\u00e9s \u00c9poxy Lueur Unique Collection \u00ab\u00a0Feu Bleu\u00a0\u00bb"},"content":{"rendered":"<p>Mod\u00e8le Hexagon Fait Main Porte-Cl\u00e9s \u00c9poxy Lueur Unique Collection \u00ab\u00a0Feu Bleu\u00a0\u00bb<\/p>\n<p>&nbsp;<\/p>\n<p>Les porte-cl\u00e9s \u00e9tant fabriqu\u00e9s \u00e0 la main, il peut y avoir des diff\u00e9rences de motifs dans les porte-cl\u00e9s et une l\u00e9g\u00e8re marge d&rsquo;erreur dans les mesures du cordon.<\/p>\n","protected":false},"excerpt":{"rendered":"<p>Mod\u00e8le Hexagon Fait Main Porte-Cl\u00e9s \u00c9poxy Lueur Unique Collection \u00ab\u00a0Feu Bleu\u00a0\u00bb &nbsp; Les porte-cl\u00e9s \u00e9tant fabriqu\u00e9s \u00e0 la main, il peut y avoir des diff\u00e9rences de motifs dans les porte-cl\u00e9s et une l\u00e9g\u00e8re marge d&rsquo;erreur dans les mesures du cordon.<\/p>\n","protected":false},"featured_media":4183,"comment_status":"open","ping_status":"closed","template":"","meta":[],"product_brand":[],"product_cat":[273,426,270],"product_tag":[492,491,495,497,496,494],"class_list":{"0":"post-4417","1":"product","2":"type-product","3":"status-publish","4":"has-post-thumbnail","6":"product_cat-bijoux-unisexes","7":"product_cat-porte-cles-fr","8":"product_cat-tous-les-produits-fr","9":"product_tag-fait-main","10":"product_tag-feu-bleu","11":"product_tag-lueur","12":"product_tag-modele-hexagonal","13":"product_tag-porte-cles-en-epoxy","14":"product_tag-unique-fr","16":"first","17":"outofstock","18":"purchasable","19":"product-type-variable"},"jetpack_sharing_enabled":true,"_links":{"self":[{"href":"https:\/\/777commerce.com\/fr\/wp-json\/wp\/v2\/product\/4417","targetHints":{"allow":["GET"]}}],"collection":[{"href":"https:\/\/777commerce.com\/fr\/wp-json\/wp\/v2\/product"}],"about":[{"href":"https:\/\/777commerce.com\/fr\/wp-json\/wp\/v2\/types\/product"}],"replies":[{"embeddable":true,"href":"https:\/\/777commerce.com\/fr\/wp-json\/wp\/v2\/comments?post=4417"}],"wp:featuredmedia":[{"embeddable":true,"href":"https:\/\/777commerce.com\/fr\/wp-json\/wp\/v2\/media\/4183"}],"wp:attachment":[{"href":"https:\/\/777commerce.com\/fr\/wp-json\/wp\/v2\/media?parent=4417"}],"wp:term":[{"taxonomy":"product_brand","embeddable":true,"href":"https:\/\/777commerce.com\/fr\/wp-json\/wp\/v2\/product_brand?post=4417"},{"taxonomy":"product_cat","embeddable":true,"href":"https:\/\/777commerce.com\/fr\/wp-json\/wp\/v2\/product_cat?post=4417"},{"taxonomy":"product_tag","embeddable":true,"href":"https:\/\/777commerce.com\/fr\/wp-json\/wp\/v2\/product_tag?post=4417"}],"curies":[{"name":"wp","href":"https:\/\/api.w.org\/{rel}","templated":true}]}}