{"id":2868,"date":"2023-11-08T09:04:51","date_gmt":"2023-11-08T06:04:51","guid":{"rendered":"https:\/\/777commerce.com\/?page_id=2868"},"modified":"2023-11-08T17:34:53","modified_gmt":"2023-11-08T14:34:53","slug":"politique-de-confidentialite","status":"publish","type":"page","link":"https:\/\/777commerce.com\/fr\/politique-de-confidentialite\/","title":{"rendered":"Politique de confidentialit\u00e9"},"content":{"rendered":"\t\t<div data-elementor-type=\"wp-page\" data-elementor-id=\"2868\" class=\"elementor elementor-2868 elementor-2623\" data-elementor-post-type=\"page\">\n\t\t\t\t\t\t<section class=\"elementor-section elementor-top-section elementor-element elementor-element-52e403a elementor-section-boxed elementor-section-height-default elementor-section-height-default\" data-id=\"52e403a\" data-element_type=\"section\">\n\t\t\t\t\t\t<div class=\"elementor-container elementor-column-gap-default\">\n\t\t\t\t\t<div class=\"elementor-column elementor-col-100 elementor-top-column elementor-element elementor-element-ede0d0c\" data-id=\"ede0d0c\" data-element_type=\"column\">\n\t\t\t<div class=\"elementor-widget-wrap\">\n\t\t\t\t\t\t\t<\/div>\n\t\t<\/div>\n\t\t\t\t\t<\/div>\n\t\t<\/section>\n\t\t\t\t<section class=\"elementor-section elementor-top-section elementor-element elementor-element-7476a4f elementor-section-height-min-height elementor-section-boxed elementor-section-height-default elementor-section-items-middle\" data-id=\"7476a4f\" data-element_type=\"section\" data-settings=\"{&quot;background_background&quot;:&quot;classic&quot;}\">\n\t\t\t\t\t\t<div class=\"elementor-container elementor-column-gap-default\">\n\t\t\t\t\t<div class=\"elementor-column elementor-col-100 elementor-top-column elementor-element elementor-element-8de6ddf\" data-id=\"8de6ddf\" data-element_type=\"column\">\n\t\t\t<div class=\"elementor-widget-wrap elementor-element-populated\">\n\t\t\t\t\t\t<div class=\"elementor-element elementor-element-1a01484 elementor-widget elementor-widget-image\" data-id=\"1a01484\" data-element_type=\"widget\" data-widget_type=\"image.default\">\n\t\t\t\t<div class=\"elementor-widget-container\">\n\t\t\t<style>\/*! elementor - v3.23.0 - 15-07-2024 *\/\n.elementor-widget-image{text-align:center}.elementor-widget-image a{display:inline-block}.elementor-widget-image a img[src$=\".svg\"]{width:48px}.elementor-widget-image img{vertical-align:middle;display:inline-block}<\/style>\t\t\t\t\t\t\t\t\t\t<img decoding=\"async\" width=\"80\" height=\"4\" src=\"https:\/\/777commerce.com\/wp-content\/uploads\/upload\/2022\/10\/bolucu.png\" class=\"attachment-large size-large wp-image-190\" alt=\"\" \/>\t\t\t\t\t\t\t\t\t\t\t\t\t<\/div>\n\t\t\t\t<\/div>\n\t\t\t\t<div class=\"elementor-element elementor-element-bd9b002 elementor-icon-list--layout-inline elementor-align-center elementor-list-item-link-inline elementor-widget elementor-widget-icon-list\" data-id=\"bd9b002\" data-element_type=\"widget\" data-widget_type=\"icon-list.default\">\n\t\t\t\t<div class=\"elementor-widget-container\">\n\t\t\t<link rel=\"stylesheet\" href=\"https:\/\/777commerce.com\/wp-content\/plugins\/elementor\/assets\/css\/widget-icon-list.min.css\">\t\t<ul class=\"elementor-icon-list-items elementor-inline-items\">\n\t\t\t\t\t\t\t<li class=\"elementor-icon-list-item elementor-inline-item\">\n\t\t\t\t\t\t\t\t\t\t\t<a href=\"https:\/\/777commerce.com\/fr\/\">\n\n\t\t\t\t\t\t\t\t\t\t\t<span class=\"elementor-icon-list-text\">Home Page<\/span>\n\t\t\t\t\t\t\t\t\t\t\t<\/a>\n\t\t\t\t\t\t\t\t\t<\/li>\n\t\t\t\t\t\t\t\t<li class=\"elementor-icon-list-item elementor-inline-item\">\n\t\t\t\t\t\t\t\t\t\t\t<span class=\"elementor-icon-list-icon\">\n\t\t\t\t\t\t\t<svg xmlns=\"http:\/\/www.w3.org\/2000\/svg\" width=\"16px\" height=\"16px\" viewBox=\"0 0 16 16\" fill=\"currentColor\" class=\"bi bi-dot\"><path d=\"M8 9.5a1.5 1.5 0 1 0 0-3 1.5 1.5 0 0 0 0 3z\"><\/path><\/svg>\t\t\t\t\t\t<\/span>\n\t\t\t\t\t\t\t\t\t\t<span class=\"elementor-icon-list-text\"><\/span>\n\t\t\t\t\t\t\t\t\t<\/li>\n\t\t\t\t\t\t<\/ul>\n\t\t\t\t<\/div>\n\t\t\t\t<\/div>\n\t\t\t\t<div class=\"elementor-element elementor-element-36800d2 elementor-icon-list--layout-inline elementor-align-center elementor-list-item-link-inline elementor-widget__width-auto elementor-widget elementor-widget-icon-list\" data-id=\"36800d2\" data-element_type=\"widget\" data-widget_type=\"icon-list.default\">\n\t\t\t\t<div class=\"elementor-widget-container\">\n\t\t\t\t\t<ul class=\"elementor-icon-list-items elementor-inline-items\">\n\t\t\t\t\t\t\t<li class=\"elementor-icon-list-item elementor-inline-item\">\n\t\t\t\t\t\t\t\t\t\t<span class=\"elementor-icon-list-text\"><\/span>\n\t\t\t\t\t\t\t\t\t<\/li>\n\t\t\t\t\t\t<\/ul>\n\t\t\t\t<\/div>\n\t\t\t\t<\/div>\n\t\t\t\t\t<\/div>\n\t\t<\/div>\n\t\t\t\t\t<\/div>\n\t\t<\/section>\n\t\t\t\t<section class=\"elementor-section elementor-top-section elementor-element elementor-element-7364973 elementor-section-boxed elementor-section-height-default elementor-section-height-default\" data-id=\"7364973\" data-element_type=\"section\">\n\t\t\t\t\t\t<div class=\"elementor-container elementor-column-gap-default\">\n\t\t\t\t\t<div class=\"elementor-column elementor-col-100 elementor-top-column elementor-element elementor-element-2397bd7\" data-id=\"2397bd7\" data-element_type=\"column\">\n\t\t\t<div class=\"elementor-widget-wrap elementor-element-populated\">\n\t\t\t\t\t\t<div class=\"elementor-element elementor-element-91a41d8 elementor-widget elementor-widget-text-editor\" data-id=\"91a41d8\" data-element_type=\"widget\" data-widget_type=\"text-editor.default\">\n\t\t\t\t<div class=\"elementor-widget-container\">\n\t\t\t<style>\/*! elementor - v3.23.0 - 15-07-2024 *\/\n.elementor-widget-text-editor.elementor-drop-cap-view-stacked .elementor-drop-cap{background-color:#69727d;color:#fff}.elementor-widget-text-editor.elementor-drop-cap-view-framed .elementor-drop-cap{color:#69727d;border:3px solid;background-color:transparent}.elementor-widget-text-editor:not(.elementor-drop-cap-view-default) .elementor-drop-cap{margin-top:8px}.elementor-widget-text-editor:not(.elementor-drop-cap-view-default) .elementor-drop-cap-letter{width:1em;height:1em}.elementor-widget-text-editor .elementor-drop-cap{float:left;text-align:center;line-height:1;font-size:50px}.elementor-widget-text-editor .elementor-drop-cap-letter{display:inline-block}<\/style>\t\t\t\t<h6><b>SECTION 1 \u2013 QUE FAISONS-NOUS DE VOS INFORMATIONS&nbsp;?<\/b><\/h6>\n<h6>Lorsque vous achetez quelque chose dans notre magasin, dans le cadre du processus d&rsquo;achat et de vente, nous collectons les informations personnelles que vous nous fournissez telles que votre nom, votre adresse et votre adresse e-mail.<br>Lorsque vous parcourez notre boutique, nous recevons \u00e9galement automatiquement l\u2019adresse de protocole Internet (IP) de votre ordinateur afin de nous fournir des informations qui nous aident \u00e0 en savoir plus sur votre navigateur et votre syst\u00e8me d\u2019exploitation.<br>Marketing par e-mail (le cas \u00e9ch\u00e9ant)&nbsp;: Avec votre permission, nous pouvons vous envoyer des e-mails concernant notre boutique, de nouveaux produits et d&rsquo;autres mises \u00e0 jour.<\/h6>\n<h6><br><b>SECTION 2 \u2013 CONSENTEMENT<\/b><\/h6>\n<h6>Comment obtenir mon consentement ?<br>Lorsque vous nous fournissez des informations personnelles pour effectuer une transaction, v\u00e9rifier votre carte de cr\u00e9dit, passer une commande, organiser une livraison ou retourner un achat, nous impliquons que vous consentez \u00e0 ce que nous les collections et les utilisions pour cette raison sp\u00e9cifique uniquement.<br>Si nous demandons vos informations personnelles pour une raison secondaire, comme le marketing, nous vous demanderons directement votre consentement expr\u00e8s ou vous offrirons la possibilit\u00e9 de dire non.<br>Comment retirer mon consentement ?<br>Si apr\u00e8s votre inscription, vous changez d&rsquo;avis, vous pouvez retirer votre consentement \u00e0 ce que nous vous contactions, pour la collecte, l&rsquo;utilisation ou la divulgation continue de vos informations, \u00e0 tout moment, en nous contactant \u00e0&nbsp;<a href=\"https:\/\/777commerce.com\/fr\/contactez-nous\/\">contact@777commerce.com<\/a><\/h6>\n<h6><br><\/h6>\n<h6><b>SECTION 3 \u2013 DIVULGATION<\/b><\/h6>\n<h6>Nous pouvons divulguer vos informations personnelles si la loi nous y oblige ou si vous violez nos&nbsp;<a href=\"https:\/\/777commerce.com\/fr\/conditions-dutilisation-et-contrat-dadhesion\/\">Conditions g\u00e9n\u00e9rales<\/a>.<\/h6>\n<h6><br><\/h6>\n<h6><b>ARTICLE 4 &#8211; PAIEMENT<\/b><\/h6>\n<h6>La passerelle de paiement est crypt\u00e9e via la norme de s\u00e9curit\u00e9 des donn\u00e9es de l&rsquo;industrie des cartes de paiement (PCI-DSS). Les donn\u00e9es de votre transaction d&rsquo;achat ne sont conserv\u00e9es que le temps n\u00e9cessaire \u00e0 la finalisation de votre transaction d&rsquo;achat. Une fois cette op\u00e9ration termin\u00e9e, les informations de votre transaction d&rsquo;achat sont supprim\u00e9es.<br>Toutes les passerelles de paiement direct adh\u00e8rent aux normes \u00e9tablies par PCI-DSS et g\u00e9r\u00e9es par le PCI Security Standards Council, qui est un effort conjoint de marques comme Visa, Mastercard, American Express et Discover.<br>Les exigences PCI-DSS contribuent \u00e0 garantir le traitement s\u00e9curis\u00e9 des informations de carte de cr\u00e9dit par notre magasin et ses prestataires de services.<\/h6>\n<h6><br><b>ARTICLE 5 \u2013 SERVICES DE TIERS<\/b><\/h6>\n<h6>En g\u00e9n\u00e9ral, les fournisseurs tiers que nous utilisons ne collecteront, utiliseront et divulgueront vos informations que dans la mesure n\u00e9cessaire pour leur permettre d&rsquo;ex\u00e9cuter les services qu&rsquo;ils nous fournissent.<br>Cependant, certains fournisseurs de services tiers, tels que les passerelles de paiement et autres processeurs de transactions de paiement, ont leurs propres politiques de confidentialit\u00e9 en ce qui concerne les informations que nous sommes tenus de leur fournir pour vos transactions li\u00e9es \u00e0 vos achats.<br>Une fois que vous quittez le site Web de notre boutique ou que vous \u00eates redirig\u00e9 vers un site Web ou une application tiers, vous n\u2019\u00eates plus r\u00e9gi par cette politique de confidentialit\u00e9 ou par les conditions d\u2019utilisation de notre site Web.<br>Liens<br>Lorsque vous cliquez sur des liens sur notre boutique, ils peuvent vous diriger hors de notre site. Nous ne sommes pas responsables des pratiques de confidentialit\u00e9 des autres sites et vous encourageons \u00e0 lire leurs d\u00e9clarations de confidentialit\u00e9.<\/h6>\n<h6><br><b>ARTICLE 6 &#8211; S\u00c9CURIT\u00c9<\/b><\/h6>\n<h6>Pour prot\u00e9ger vos informations personnelles, nous prenons des pr\u00e9cautions raisonnables et suivons les meilleures pratiques de l&rsquo;industrie pour nous assurer qu&rsquo;elles ne sont pas perdues, utilis\u00e9es \u00e0 mauvais escient, consult\u00e9es, divulgu\u00e9es, modifi\u00e9es ou d\u00e9truites de mani\u00e8re inappropri\u00e9e.<br>Passerelle de paiement (informations de carte de cr\u00e9dit), les informations sont crypt\u00e9es \u00e0 l&rsquo;aide de la technologie Secure Socket Layer (SSL) et stock\u00e9es avec un cryptage AES-256. Bien qu&rsquo;aucune m\u00e9thode de transmission sur Internet ou de stockage \u00e9lectronique ne soit s\u00e9curis\u00e9e \u00e0 100 %, nous respectons toutes les exigences PCI-DSS et mettons en \u0153uvre des normes suppl\u00e9mentaires g\u00e9n\u00e9ralement accept\u00e9es par l&rsquo;industrie.<\/h6>\n<h6><br><\/h6>\n<h6><b>SECTION 6 \u2013 \u00c2GE DU CONSENTEMENT<\/b><\/h6>\n<h6>En utilisant ce site, vous d\u00e9clarez que vous avez au moins l&rsquo;\u00e2ge de la majorit\u00e9 dans votre \u00e9tat ou province.<\/h6>\n<h6><br><b>SECTION 8 &#8211; MODIFICATIONS APPORT\u00c9ES \u00c0 CETTE POLITIQUE DE CONFIDENTIALIT\u00c9<\/b><\/h6>\n<h6>Nous nous r\u00e9servons le droit de modifier cette politique de confidentialit\u00e9 \u00e0 tout moment, veuillez donc la consulter fr\u00e9quemment. Les modifications et clarifications prendront effet imm\u00e9diatement apr\u00e8s leur publication sur le site Web. Si nous apportons des modifications importantes \u00e0 cette politique, nous vous informerons ici qu&rsquo;elle a \u00e9t\u00e9 mise \u00e0 jour, afin que vous sachiez quelles informations nous collectons, comment nous les utilisons et dans quelles circonstances, le cas \u00e9ch\u00e9ant, nous utilisons et\/ou divulguons. il.<br>Si notre magasin est acquis ou fusionn\u00e9 avec une autre soci\u00e9t\u00e9, vos informations peuvent \u00eatre transf\u00e9r\u00e9es aux nouveaux propri\u00e9taires afin que nous puissions continuer \u00e0 vous vendre des produits.<\/h6>\n<h6><br><b>QUESTIONS ET COORDONN\u00c9ES<\/b><\/h6>\n<h6>Si vous souhaitez&nbsp;: acc\u00e9der, corriger, modifier ou supprimer toute information personnelle que nous d\u00e9tenons \u00e0 votre sujet, enregistrer une plainte ou si vous souhaitez simplement plus d&rsquo;informations, contactez notre responsable de la conformit\u00e9 \u00e0 la confidentialit\u00e9 par courrier \u00e0&nbsp;:&nbsp;<a href=\"https:\/\/777commerce.com\/fr\/contactez-nous\/\">contact@777commerce.com<\/a><\/h6>\n<p><\/p>\t\t\t\t\t\t<\/div>\n\t\t\t\t<\/div>\n\t\t\t\t\t<\/div>\n\t\t<\/div>\n\t\t\t\t\t<\/div>\n\t\t<\/section>\n\t\t\t\t<\/div>\n\t\t","protected":false},"excerpt":{"rendered":"<p>Home Page SECTION 1 \u2013 QUE FAISONS-NOUS DE VOS INFORMATIONS&nbsp;? Lorsque vous achetez quelque chose dans notre magasin, dans le cadre du processus d&rsquo;achat et de vente, nous collectons les informations personnelles que vous nous fournissez telles que votre nom, votre adresse et votre adresse e-mail.Lorsque vous parcourez notre boutique, nous recevons \u00e9galement automatiquement l\u2019adresse [&hellip;]<\/p>\n","protected":false},"author":1,"featured_media":0,"parent":0,"menu_order":0,"comment_status":"closed","ping_status":"closed","template":"","meta":{"footnotes":""},"class_list":["post-2868","page","type-page","status-publish","hentry"],"jetpack_sharing_enabled":true,"_links":{"self":[{"href":"https:\/\/777commerce.com\/fr\/wp-json\/wp\/v2\/pages\/2868","targetHints":{"allow":["GET"]}}],"collection":[{"href":"https:\/\/777commerce.com\/fr\/wp-json\/wp\/v2\/pages"}],"about":[{"href":"https:\/\/777commerce.com\/fr\/wp-json\/wp\/v2\/types\/page"}],"author":[{"embeddable":true,"href":"https:\/\/777commerce.com\/fr\/wp-json\/wp\/v2\/users\/1"}],"replies":[{"embeddable":true,"href":"https:\/\/777commerce.com\/fr\/wp-json\/wp\/v2\/comments?post=2868"}],"version-history":[{"count":7,"href":"https:\/\/777commerce.com\/fr\/wp-json\/wp\/v2\/pages\/2868\/revisions"}],"predecessor-version":[{"id":2896,"href":"https:\/\/777commerce.com\/fr\/wp-json\/wp\/v2\/pages\/2868\/revisions\/2896"}],"wp:attachment":[{"href":"https:\/\/777commerce.com\/fr\/wp-json\/wp\/v2\/media?parent=2868"}],"curies":[{"name":"wp","href":"https:\/\/api.w.org\/{rel}","templated":true}]}}