{"id":2866,"date":"2023-11-08T11:53:05","date_gmt":"2023-11-08T08:53:05","guid":{"rendered":"https:\/\/777commerce.com\/?page_id=2866"},"modified":"2023-11-08T17:26:27","modified_gmt":"2023-11-08T14:26:27","slug":"politique-de-retour","status":"publish","type":"page","link":"https:\/\/777commerce.com\/fr\/politique-de-retour\/","title":{"rendered":"Politique de retour"},"content":{"rendered":"\t\t<div data-elementor-type=\"wp-page\" data-elementor-id=\"2866\" class=\"elementor elementor-2866 elementor-2732\" data-elementor-post-type=\"page\">\n\t\t\t\t\t\t<section class=\"elementor-section elementor-top-section elementor-element elementor-element-39d8a80 elementor-section-boxed elementor-section-height-default elementor-section-height-default\" data-id=\"39d8a80\" data-element_type=\"section\">\n\t\t\t\t\t\t<div class=\"elementor-container elementor-column-gap-default\">\n\t\t\t\t\t<div class=\"elementor-column elementor-col-100 elementor-top-column elementor-element elementor-element-0b8c081\" data-id=\"0b8c081\" data-element_type=\"column\">\n\t\t\t<div class=\"elementor-widget-wrap\">\n\t\t\t\t\t\t\t<\/div>\n\t\t<\/div>\n\t\t\t\t\t<\/div>\n\t\t<\/section>\n\t\t\t\t<section class=\"elementor-section elementor-top-section elementor-element elementor-element-a733b17 elementor-section-height-min-height elementor-section-boxed elementor-section-height-default elementor-section-items-middle\" data-id=\"a733b17\" data-element_type=\"section\" data-settings=\"{&quot;background_background&quot;:&quot;classic&quot;}\">\n\t\t\t\t\t\t<div class=\"elementor-container elementor-column-gap-default\">\n\t\t\t\t\t<div class=\"elementor-column elementor-col-100 elementor-top-column elementor-element elementor-element-56b8cbf\" data-id=\"56b8cbf\" data-element_type=\"column\">\n\t\t\t<div class=\"elementor-widget-wrap elementor-element-populated\">\n\t\t\t\t\t\t<div class=\"elementor-element elementor-element-a04a972 elementor-widget elementor-widget-image\" data-id=\"a04a972\" data-element_type=\"widget\" data-widget_type=\"image.default\">\n\t\t\t\t<div class=\"elementor-widget-container\">\n\t\t\t<style>\/*! elementor - v3.23.0 - 15-07-2024 *\/\n.elementor-widget-image{text-align:center}.elementor-widget-image a{display:inline-block}.elementor-widget-image a img[src$=\".svg\"]{width:48px}.elementor-widget-image img{vertical-align:middle;display:inline-block}<\/style>\t\t\t\t\t\t\t\t\t\t<img decoding=\"async\" width=\"80\" height=\"4\" src=\"https:\/\/777commerce.com\/wp-content\/uploads\/upload\/2022\/10\/bolucu.png\" class=\"attachment-large size-large wp-image-190\" alt=\"\" \/>\t\t\t\t\t\t\t\t\t\t\t\t\t<\/div>\n\t\t\t\t<\/div>\n\t\t\t\t<div class=\"elementor-element elementor-element-72ac076 elementor-icon-list--layout-inline elementor-align-center elementor-list-item-link-inline elementor-widget elementor-widget-icon-list\" data-id=\"72ac076\" data-element_type=\"widget\" data-widget_type=\"icon-list.default\">\n\t\t\t\t<div class=\"elementor-widget-container\">\n\t\t\t<link rel=\"stylesheet\" href=\"https:\/\/777commerce.com\/wp-content\/plugins\/elementor\/assets\/css\/widget-icon-list.min.css\">\t\t<ul class=\"elementor-icon-list-items elementor-inline-items\">\n\t\t\t\t\t\t\t<li class=\"elementor-icon-list-item elementor-inline-item\">\n\t\t\t\t\t\t\t\t\t\t\t<a href=\"https:\/\/777commerce.com\/fr\/\">\n\n\t\t\t\t\t\t\t\t\t\t\t<span class=\"elementor-icon-list-text\">Home Page<\/span>\n\t\t\t\t\t\t\t\t\t\t\t<\/a>\n\t\t\t\t\t\t\t\t\t<\/li>\n\t\t\t\t\t\t\t\t<li class=\"elementor-icon-list-item elementor-inline-item\">\n\t\t\t\t\t\t\t\t\t\t\t<span class=\"elementor-icon-list-icon\">\n\t\t\t\t\t\t\t<svg xmlns=\"http:\/\/www.w3.org\/2000\/svg\" width=\"16px\" height=\"16px\" viewBox=\"0 0 16 16\" fill=\"currentColor\" class=\"bi bi-dot\"><path d=\"M8 9.5a1.5 1.5 0 1 0 0-3 1.5 1.5 0 0 0 0 3z\"><\/path><\/svg>\t\t\t\t\t\t<\/span>\n\t\t\t\t\t\t\t\t\t\t<span class=\"elementor-icon-list-text\"><\/span>\n\t\t\t\t\t\t\t\t\t<\/li>\n\t\t\t\t\t\t<\/ul>\n\t\t\t\t<\/div>\n\t\t\t\t<\/div>\n\t\t\t\t<div class=\"elementor-element elementor-element-273f87e elementor-icon-list--layout-inline elementor-align-center elementor-list-item-link-inline elementor-widget__width-auto elementor-widget elementor-widget-icon-list\" data-id=\"273f87e\" data-element_type=\"widget\" data-widget_type=\"icon-list.default\">\n\t\t\t\t<div class=\"elementor-widget-container\">\n\t\t\t\t\t<ul class=\"elementor-icon-list-items elementor-inline-items\">\n\t\t\t\t\t\t\t<li class=\"elementor-icon-list-item elementor-inline-item\">\n\t\t\t\t\t\t\t\t\t\t<span class=\"elementor-icon-list-text\"><\/span>\n\t\t\t\t\t\t\t\t\t<\/li>\n\t\t\t\t\t\t<\/ul>\n\t\t\t\t<\/div>\n\t\t\t\t<\/div>\n\t\t\t\t\t<\/div>\n\t\t<\/div>\n\t\t\t\t\t<\/div>\n\t\t<\/section>\n\t\t\t\t<section class=\"elementor-section elementor-top-section elementor-element elementor-element-3098e1c elementor-section-boxed elementor-section-height-default elementor-section-height-default\" data-id=\"3098e1c\" data-element_type=\"section\">\n\t\t\t\t\t\t<div class=\"elementor-container elementor-column-gap-default\">\n\t\t\t\t\t<div class=\"elementor-column elementor-col-100 elementor-top-column elementor-element elementor-element-eb7257b\" data-id=\"eb7257b\" data-element_type=\"column\">\n\t\t\t<div class=\"elementor-widget-wrap elementor-element-populated\">\n\t\t\t\t\t\t<div class=\"elementor-element elementor-element-c32e823 elementor-widget elementor-widget-text-editor\" data-id=\"c32e823\" data-element_type=\"widget\" data-widget_type=\"text-editor.default\">\n\t\t\t\t<div class=\"elementor-widget-container\">\n\t\t\t<style>\/*! elementor - v3.23.0 - 15-07-2024 *\/\n.elementor-widget-text-editor.elementor-drop-cap-view-stacked .elementor-drop-cap{background-color:#69727d;color:#fff}.elementor-widget-text-editor.elementor-drop-cap-view-framed .elementor-drop-cap{color:#69727d;border:3px solid;background-color:transparent}.elementor-widget-text-editor:not(.elementor-drop-cap-view-default) .elementor-drop-cap{margin-top:8px}.elementor-widget-text-editor:not(.elementor-drop-cap-view-default) .elementor-drop-cap-letter{width:1em;height:1em}.elementor-widget-text-editor .elementor-drop-cap{float:left;text-align:center;line-height:1;font-size:50px}.elementor-widget-text-editor .elementor-drop-cap-letter{display:inline-block}<\/style>\t\t\t\t<h6><b>11. Politique de retour<\/b><\/h6>\n<h6><br><b>11.1 <\/b>Retour<\/h6>\n<h6>Notre politique dure 14 jours. Si 14 jours se sont \u00e9coul\u00e9s depuis votre achat, nous ne pouvons malheureusement pas vous proposer de remboursement ou d&rsquo;\u00e9change.<br>Pour pouvoir b\u00e9n\u00e9ficier d&rsquo;un retour, votre article doit \u00eatre inutilis\u00e9 et dans le m\u00eame \u00e9tat dans lequel vous l&rsquo;avez re\u00e7u. Il doit \u00e9galement \u00eatre dans l&#8217;emballage d&rsquo;origine.<\/h6>\n<h6><br><b>11.2 <\/b>Articles non retournables<\/h6>\n<h6>&#8211; Produits logiciels t\u00e9l\u00e9chargeables<br>&#8211; Certains articles de sant\u00e9 et de soins personnels<br>&#8211; Produits con\u00e7us et fabriqu\u00e9s sp\u00e9cifiquement pour le client<br>&#8211;&nbsp;Produits re\u00e7us et 14 jours se sont \u00e9coul\u00e9s.<\/h6>\n<h6>Pour compl\u00e9ter votre retour, nous avons besoin d&rsquo;un re\u00e7u ou d&rsquo;une preuve d&rsquo;achat.<\/h6>\n<h6><br><b>11.3 <\/b>Remboursements (SI APPLICABLE)<\/h6>\n<h6>Une fois votre retour re\u00e7u et inspect\u00e9, nous vous enverrons un e-mail pour vous informer que nous avons re\u00e7u votre article retourn\u00e9. Nous vous informerons \u00e9galement de l\u2019approbation ou du rejet de votre remboursement.<br>Si votre demande est approuv\u00e9e, votre remboursement sera trait\u00e9 et un cr\u00e9dit sera automatiquement appliqu\u00e9 \u00e0 votre carte de cr\u00e9dit ou \u00e0 votre mode de paiement d&rsquo;origine, dans un certain nombre de jours.<\/h6>\n<h6><br><b>11.4 <\/b>Remboursements tardifs ou manquants (SI APPLICABLE)<\/h6>\n<h6>&#8211; Si vous n&rsquo;avez pas encore re\u00e7u de remboursement, v\u00e9rifiez d&rsquo;abord \u00e0 nouveau votre compte bancaire.<br>&#8211; Contactez ensuite la soci\u00e9t\u00e9 \u00e9mettrice de votre carte de cr\u00e9dit, cela peut prendre un certain temps avant que votre remboursement ne soit officiellement affich\u00e9.<br>&#8211; Contactez ensuite votre banque. Il y a souvent un certain temps de traitement avant qu&rsquo;un remboursement ne soit enregistr\u00e9.<br>&#8211; Si vous avez fait tout cela et que vous n&rsquo;avez toujours pas re\u00e7u votre remboursement, veuillez nous contacter \u00e0 contact@777commerce.com.<\/h6>\n<h6><br><\/h6>\n<h6><b>11.5 <\/b>Articles en vente (SI APPLICABLE)<\/h6>\n<h6>Seuls les articles \u00e0 prix r\u00e9gulier peuvent \u00eatre rembours\u00e9s, malheureusement les articles sold\u00e9s ne peuvent pas \u00eatre rembours\u00e9s.<\/h6>\n<h6><br><b>11.6 <\/b>\u00c9changes (SI APPLICABLE)<\/h6>\n<h6>Nous rempla\u00e7ons uniquement les articles s&rsquo;ils sont d\u00e9fectueux ou endommag\u00e9s.<\/h6>\n<h6><br><b>11.7 <\/b>Exp\u00e9dition<\/h6>\n<h6>Pour retourner votre produit, vous devez envoyer votre produit par courrier \u00e0 : contact@777commerce.com<br>Vous serez responsable de payer vos propres frais d\u2019exp\u00e9dition pour retourner votre article. Les frais d&rsquo;exp\u00e9dition ne sont pas remboursables. Si vous recevez un remboursement, les frais d&rsquo;exp\u00e9dition seront d\u00e9duits de votre remboursement.<br>Selon l&rsquo;endroit o\u00f9 vous habitez, le temps n\u00e9cessaire pour que votre produit \u00e9chang\u00e9 vous parvienne peut varier.<br>Si vous exp\u00e9diez un article d&rsquo;une valeur sup\u00e9rieure \u00e0 75 \u20ac, vous devriez envisager d&rsquo;utiliser un service d&rsquo;exp\u00e9dition tra\u00e7able ou de souscrire une assurance d&rsquo;exp\u00e9dition. Nous ne garantissons pas que nous recevrons votre article retourn\u00e9.<\/h6>\t\t\t\t\t\t<\/div>\n\t\t\t\t<\/div>\n\t\t\t\t\t<\/div>\n\t\t<\/div>\n\t\t\t\t\t<\/div>\n\t\t<\/section>\n\t\t\t\t<\/div>\n\t\t","protected":false},"excerpt":{"rendered":"<p>Home Page 11. Politique de retour 11.1 Retour Notre politique dure 14 jours. Si 14 jours se sont \u00e9coul\u00e9s depuis votre achat, nous ne pouvons malheureusement pas vous proposer de remboursement ou d&rsquo;\u00e9change.Pour pouvoir b\u00e9n\u00e9ficier d&rsquo;un retour, votre article doit \u00eatre inutilis\u00e9 et dans le m\u00eame \u00e9tat dans lequel vous l&rsquo;avez re\u00e7u. Il doit \u00e9galement [&hellip;]<\/p>\n","protected":false},"author":1,"featured_media":0,"parent":0,"menu_order":0,"comment_status":"closed","ping_status":"closed","template":"","meta":{"footnotes":""},"class_list":["post-2866","page","type-page","status-publish","hentry"],"jetpack_sharing_enabled":true,"_links":{"self":[{"href":"https:\/\/777commerce.com\/fr\/wp-json\/wp\/v2\/pages\/2866","targetHints":{"allow":["GET"]}}],"collection":[{"href":"https:\/\/777commerce.com\/fr\/wp-json\/wp\/v2\/pages"}],"about":[{"href":"https:\/\/777commerce.com\/fr\/wp-json\/wp\/v2\/types\/page"}],"author":[{"embeddable":true,"href":"https:\/\/777commerce.com\/fr\/wp-json\/wp\/v2\/users\/1"}],"replies":[{"embeddable":true,"href":"https:\/\/777commerce.com\/fr\/wp-json\/wp\/v2\/comments?post=2866"}],"version-history":[{"count":7,"href":"https:\/\/777commerce.com\/fr\/wp-json\/wp\/v2\/pages\/2866\/revisions"}],"predecessor-version":[{"id":2886,"href":"https:\/\/777commerce.com\/fr\/wp-json\/wp\/v2\/pages\/2866\/revisions\/2886"}],"wp:attachment":[{"href":"https:\/\/777commerce.com\/fr\/wp-json\/wp\/v2\/media?parent=2866"}],"curies":[{"name":"wp","href":"https:\/\/api.w.org\/{rel}","templated":true}]}}